{"id":8,"date":"2022-09-28T12:57:00","date_gmt":"2022-09-28T12:57:00","guid":{"rendered":"http:\/\/uniknowhow-wp.hu:8013\/?page_id=8"},"modified":"2022-10-24T12:04:41","modified_gmt":"2022-10-24T11:04:41","slug":"fooldal","status":"publish","type":"page","link":"https:\/\/uniknowhow.hu\/","title":{"rendered":"F\u0151oldal"},"content":{"rendered":"\n<div class=\"wp-container-3 wp-block-group\"><div class=\"wp-block-group__inner-container\">\n<div class=\"wp-container-2 wp-block-columns\">\n<div class=\"wp-container-1 wp-block-column\" style=\"flex-basis:100%\">\n<div id=\"rolunk\" class=\"about-us pt-15\">\n    <div class=\"wrapper\">\n      <div class=\"left\">\n        <h2 class=\"heading-2 pb-4\">\n          R\u00f3lunk\n        <\/h2>\n        <div class=\"body-1 text-justify pb-7\">\n          <p>\n           Az Uni-Know-how Zrt. azzal a c\u00e9llal j\u00f6tt l\u00e9tre, hogy napjaink \u00e1talakul\u00e1si folyamataiban seg\u00edtse Partnereit tan\u00e1csad\u00e1si szolg\u00e1ltat\u00e1saival. C\u00e9lunk, hogy a hazai Egyetemek megb\u00edzhat\u00f3 \u00e9s proakt\u00edv partner\u00e9v\u00e9 v\u00e1lva hozz\u00e1j\u00e1ruljunk az int\u00e9zm\u00e9nyek sikeres \u00e9s stabil p\u00e9nz\u00fcgyi m\u0171k\u00f6d\u00e9s\u00e9nek biztos\u00edt\u00e1s\u00e1hoz, valamint a tudom\u00e1nyos kiv\u00e1l\u00f3s\u00e1g \u00fczleti szf\u00e9r\u00e1ban val\u00f3 \u00e9rv\u00e9nyes\u00fcl\u00e9s\u00e9hez, hasznosul\u00e1s\u00e1hoz.\n          <\/p>\n          <p>\n            V\u00e1llalkoz\u00e1sunk m\u0171k\u00f6d\u00e9se az egyetemi \u00e9s a gazdas\u00e1gi szf\u00e9r\u00e1ban rendelkez\u00e9sre \u00e1ll\u00f3 tud\u00e1s \u00f6tv\u00f6z\u00e9s\u00e9n alapul, akad\u00e9miai \u00e9s v\u00e1llalati szak\u00e9rt\u0151ket egyar\u00e1nt t\u00f6m\u00f6r\u00edtve. A piaci tapasztalatokra \u00e9s a Sz\u00e9chenyi Istv\u00e1n Egyetem v\u00e1llalati-egyetemi kooper\u00e1ci\u00f3ra vonatkoz\u00f3 \u00e9vtizedes gyakorlat\u00e1ra alapozva k\u00e9pesek vagyunk val\u00f3s v\u00e1laszokat adni az egyetemi m\u0171k\u00f6d\u00e9s sor\u00e1n felmer\u00fcl\u0151 probl\u00e9m\u00e1kra.\n          <\/p>\n          <p>\n            V\u00e1llalkoz\u00e1sunk \u00e9rt\u00e9kaj\u00e1nlata Partnereink sz\u00e1m\u00e1ra:\n          <\/p>\n          <ul class=\"ordered-list\">\n            <li>\nFenntarthat\u00f3 m\u0171k\u00f6d\u00e9s \u00e9s p\u00e9nz\u00fcgyi stabilit\u00e1s\n            <\/li>\n            <li>\nInnov\u00e1ci\u00f3-k\u00f6zpont\u00fa szervezeti- \u00e9s m\u0171k\u00f6d\u00e9si strukt\u00fara\n            <\/li>\n            <li>\nFolyamatos fejl\u0151d\u00e9sre k\u00e9pes \u00e9s fejl\u0151d\u0151 hum\u00e1ner\u0151forr\u00e1s\n            <\/li>\n            <li>\nEr\u0151s v\u00e1llalkoz\u00f3i szerepk\u00f6r \n            <\/li>\n            <li>\nEr\u0151s nemzetk\u00f6zi szerepk\u00f6r\n            <\/li>\n          <\/ul>\n        <\/div>\n      <\/div>\n      <div class=\"right\">\n        <img src=\"\/wp-content\/uploads\/2022\/09\/about.jpg\" alt=\"R\u00f3lunk\">\n      <\/div>\n    <\/div>\n  <\/div>\n<\/div>\n<\/div>\n<\/div><\/div>\n","protected":false},"excerpt":{"rendered":"<p>R\u00f3lunk Az Uni-Know-how Zrt. azzal a c\u00e9llal j\u00f6tt l\u00e9tre, hogy napjaink \u00e1talakul\u00e1si folyamataiban seg\u00edtse Partnereit tan\u00e1csad\u00e1si szolg\u00e1ltat\u00e1saival. C\u00e9lunk, hogy a hazai Egyetemek megb\u00edzhat\u00f3 \u00e9s proakt\u00edv partner\u00e9v\u00e9 v\u00e1lva hozz\u00e1j\u00e1ruljunk az int\u00e9zm\u00e9nyek sikeres \u00e9s stabil p\u00e9nz\u00fcgyi m\u0171k\u00f6d\u00e9s\u00e9nek biztos\u00edt\u00e1s\u00e1hoz, valamint a tudom\u00e1nyos kiv\u00e1l\u00f3s\u00e1g \u00fczleti szf\u00e9r\u00e1ban val\u00f3 \u00e9rv\u00e9nyes\u00fcl\u00e9s\u00e9hez, hasznosul\u00e1s\u00e1hoz. V\u00e1llalkoz\u00e1sunk m\u0171k\u00f6d\u00e9se az egyetemi \u00e9s a gazdas\u00e1gi szf\u00e9r\u00e1ban rendelkez\u00e9sre \u00e1ll\u00f3 [&hellip;]<\/p>\n","protected":false},"author":1,"featured_media":0,"parent":0,"menu_order":0,"comment_status":"closed","ping_status":"closed","template":"","meta":{"inline_featured_image":false},"_links":{"self":[{"href":"https:\/\/uniknowhow.hu\/index.php?rest_route=\/wp\/v2\/pages\/8"}],"collection":[{"href":"https:\/\/uniknowhow.hu\/index.php?rest_route=\/wp\/v2\/pages"}],"about":[{"href":"https:\/\/uniknowhow.hu\/index.php?rest_route=\/wp\/v2\/types\/page"}],"author":[{"embeddable":true,"href":"https:\/\/uniknowhow.hu\/index.php?rest_route=\/wp\/v2\/users\/1"}],"replies":[{"embeddable":true,"href":"https:\/\/uniknowhow.hu\/index.php?rest_route=%2Fwp%2Fv2%2Fcomments&post=8"}],"version-history":[{"count":29,"href":"https:\/\/uniknowhow.hu\/index.php?rest_route=\/wp\/v2\/pages\/8\/revisions"}],"predecessor-version":[{"id":143,"href":"https:\/\/uniknowhow.hu\/index.php?rest_route=\/wp\/v2\/pages\/8\/revisions\/143"}],"wp:attachment":[{"href":"https:\/\/uniknowhow.hu\/index.php?rest_route=%2Fwp%2Fv2%2Fmedia&parent=8"}],"curies":[{"name":"wp","href":"https:\/\/api.w.org\/{rel}","templated":true}]}}